{"id":1647,"date":"2024-08-07T05:02:13","date_gmt":"2024-08-07T05:02:13","guid":{"rendered":"https:\/\/congresoceii.com\/?page_id=1647"},"modified":"2026-03-31T00:50:58","modified_gmt":"2026-03-31T00:50:58","slug":"conferencistas","status":"publish","type":"page","link":"https:\/\/congresoceii.com\/index.php\/conferencistas\/","title":{"rendered":"Conferencistas"},"content":{"rendered":"\t\t<div data-elementor-type=\"wp-page\" data-elementor-id=\"1647\" class=\"elementor elementor-1647\">\n\t\t\t\t<div class=\"elementor-element elementor-element-de4ba39 e-flex e-con-boxed e-con e-parent\" data-id=\"de4ba39\" data-element_type=\"container\" data-e-type=\"container\" data-settings=\"{&quot;background_background&quot;:&quot;classic&quot;}\">\n\t\t\t\t\t<div class=\"e-con-inner\">\n\t\t\t\t<div class=\"elementor-element elementor-element-e7cdad6 elementor-widget elementor-widget-heading\" data-id=\"e7cdad6\" data-element_type=\"widget\" data-e-type=\"widget\" data-widget_type=\"heading.default\">\n\t\t\t\t<div class=\"elementor-widget-container\">\n\t\t\t\t\t<h1 class=\"elementor-heading-title elementor-size-default\">CONFERENCISTAS<\/h1>\t\t\t\t<\/div>\n\t\t\t\t<\/div>\n\t\t\t\t\t<\/div>\n\t\t\t\t<\/div>\n\t\t<div class=\"elementor-element elementor-element-276960c e-flex e-con-boxed e-con e-parent\" data-id=\"276960c\" data-element_type=\"container\" data-e-type=\"container\">\n\t\t\t\t\t<div class=\"e-con-inner\">\n\t\t\t\t<div class=\"elementor-element elementor-element-a6392a9 elementor-widget elementor-widget-text-editor\" data-id=\"a6392a9\" data-element_type=\"widget\" data-e-type=\"widget\" data-widget_type=\"text-editor.default\">\n\t\t\t\t<div class=\"elementor-widget-container\">\n\t\t\t\t\t\t\t\t\t<p style=\"text-align: left;\">El <strong>III Congreso Colombiano de Errores Innatos de la Inmunidad<\/strong> reunir\u00e1 a reconocidos especialistas nacionales e internacionales en el \u00e1mbito de la inmunolog\u00eda. Nuestros conferencistas compartir\u00e1n su experiencia, investigaciones recientes y avances en el diagn\u00f3stico y manejo de los errores innatos de la inmunidad.<\/p>\t\t\t\t\t\t\t\t<\/div>\n\t\t\t\t<\/div>\n\t\t\t\t<div class=\"elementor-element elementor-element-82c7286 elementor-widget elementor-widget-text-editor\" data-id=\"82c7286\" data-element_type=\"widget\" data-e-type=\"widget\" data-widget_type=\"text-editor.default\">\n\t\t\t\t<div class=\"elementor-widget-container\">\n\t\t\t\t\t\t\t\t\t<p style=\"text-align: left;\"><strong>Le invitamos a conocer m\u00e1s sobre su trayectoria profesional y sus aportes a la comunidad cient\u00edfica a trav\u00e9s de sus perfiles.<\/strong><\/p>\t\t\t\t\t\t\t\t<\/div>\n\t\t\t\t<\/div>\n\t\t\t\t\t<\/div>\n\t\t\t\t<\/div>\n\t\t<div class=\"elementor-element elementor-element-c66f43e e-flex e-con-boxed e-con e-parent\" data-id=\"c66f43e\" data-element_type=\"container\" data-e-type=\"container\">\n\t\t\t\t\t<div class=\"e-con-inner\">\n\t\t\t\t<div class=\"elementor-element elementor-element-b8925b6 elementor-widget elementor-widget-html\" data-id=\"b8925b6\" data-element_type=\"widget\" data-e-type=\"widget\" data-widget_type=\"html.default\">\n\t\t\t\t<div class=\"elementor-widget-container\">\n\t\t\t\t\t<script> \r\njQuery(document).ready(function($) { \r\nvar delay = 100; setTimeout(function() { \r\n$('.elementor-tab-title').removeClass('elementor-active');\r\n $('.elementor-tab-content').css('display', 'none'); }, delay); \r\n}); \r\n<\/script>\t\t\t\t<\/div>\n\t\t\t\t<\/div>\n\t\t\t\t\t<\/div>\n\t\t\t\t<\/div>\n\t\t\t\t<\/div>\n\t\t","protected":false},"excerpt":{"rendered":"<p>CONFERENCISTAS El III Congreso Colombiano de Errores Innatos de la Inmunidad reunir\u00e1 a reconocidos especialistas nacionales e internacionales en el \u00e1mbito de la inmunolog\u00eda. Nuestros conferencistas compartir\u00e1n su experiencia, investigaciones recientes y avances en el diagn\u00f3stico y manejo de los errores innatos de la inmunidad. Le invitamos a conocer m\u00e1s sobre su trayectoria profesional y&#8230;<\/p>\n","protected":false},"author":1,"featured_media":0,"parent":0,"menu_order":0,"comment_status":"closed","ping_status":"closed","template":"","meta":{"_kad_post_transparent":"","_kad_post_title":"hide","_kad_post_layout":"fullwidth","_kad_post_sidebar_id":"","_kad_post_content_style":"unboxed","_kad_post_vertical_padding":"hide","_kad_post_feature":"hide","_kad_post_feature_position":"","_kad_post_header":false,"_kad_post_footer":false,"_kad_post_classname":"","footnotes":""},"class_list":["post-1647","page","type-page","status-publish","hentry"],"_links":{"self":[{"href":"https:\/\/congresoceii.com\/index.php\/wp-json\/wp\/v2\/pages\/1647","targetHints":{"allow":["GET"]}}],"collection":[{"href":"https:\/\/congresoceii.com\/index.php\/wp-json\/wp\/v2\/pages"}],"about":[{"href":"https:\/\/congresoceii.com\/index.php\/wp-json\/wp\/v2\/types\/page"}],"author":[{"embeddable":true,"href":"https:\/\/congresoceii.com\/index.php\/wp-json\/wp\/v2\/users\/1"}],"replies":[{"embeddable":true,"href":"https:\/\/congresoceii.com\/index.php\/wp-json\/wp\/v2\/comments?post=1647"}],"version-history":[{"count":454,"href":"https:\/\/congresoceii.com\/index.php\/wp-json\/wp\/v2\/pages\/1647\/revisions"}],"predecessor-version":[{"id":2702,"href":"https:\/\/congresoceii.com\/index.php\/wp-json\/wp\/v2\/pages\/1647\/revisions\/2702"}],"wp:attachment":[{"href":"https:\/\/congresoceii.com\/index.php\/wp-json\/wp\/v2\/media?parent=1647"}],"curies":[{"name":"wp","href":"https:\/\/api.w.org\/{rel}","templated":true}]}}