{"id":34,"date":"2024-05-02T02:09:03","date_gmt":"2024-05-02T02:09:03","guid":{"rendered":"https:\/\/congresoceii.com\/?page_id=34"},"modified":"2024-05-07T19:50:04","modified_gmt":"2024-05-07T19:50:04","slug":"patrocinadores","status":"publish","type":"page","link":"https:\/\/congresoceii.com\/index.php\/patrocinadores\/","title":{"rendered":"Patrocinadores del CCEII 2024"},"content":{"rendered":"\n<figure class=\"wp-block-image alignfull size-full is-style-default\"><a href=\"https:\/\/congresoceii.com\/\"><img fetchpriority=\"high\" decoding=\"async\" width=\"1944\" height=\"648\" src=\"https:\/\/congresoceii.com\/wp-content\/uploads\/2024\/05\/BANNER-CCEII-2024.png\" alt=\"\" class=\"wp-image-268\" srcset=\"https:\/\/congresoceii.com\/wp-content\/uploads\/2024\/05\/BANNER-CCEII-2024.png 1944w, https:\/\/congresoceii.com\/wp-content\/uploads\/2024\/05\/BANNER-CCEII-2024-300x100.png 300w, https:\/\/congresoceii.com\/wp-content\/uploads\/2024\/05\/BANNER-CCEII-2024-1024x341.png 1024w, https:\/\/congresoceii.com\/wp-content\/uploads\/2024\/05\/BANNER-CCEII-2024-768x256.png 768w, https:\/\/congresoceii.com\/wp-content\/uploads\/2024\/05\/BANNER-CCEII-2024-1536x512.png 1536w\" sizes=\"(max-width: 1944px) 100vw, 1944px\" \/><\/a><figcaption class=\"wp-element-caption\"><strong>II CONGRESO COLOMBIANO DE ERRORES INNATOS DE LA INMUNIDAD &#8211; CCEII 2024<\/strong><\/figcaption><\/figure>\n\n\n\n<hr class=\"wp-block-separator has-alpha-channel-opacity is-style-dots\"\/>\n\n\n\n<p class=\"has-text-align-center has-large-font-size\"><a href=\"https:\/\/congresoceii.com\/index.php\/patrocinadores\/\" data-type=\"page\" data-id=\"34\"><strong>PATROCINADORES<\/strong><\/a><\/p>\n\n\n\n<p class=\"has-text-align-center has-medium-font-size\">La ACAAI y la FIP agradecen a los patrocinadores que hacen posible llevar a cabo este importante Congreso que contribuye a la actualizaci\u00f3n m\u00e9dica continuada en Inmunolog\u00eda para la comunidad m\u00e9dica de Colombia y la regi\u00f3n.<\/p>\n\n\n\n<p class=\"has-text-align-center has-medium-font-size\">Los <a href=\"https:\/\/congresoceii.com\/index.php\/patrocinadores\/\" data-type=\"page\" data-id=\"34\">patrocinadores<\/a> del Segundo Congreso Colombiano de Errores Innatos de la Inmunidad (CCEII 2024) son:<\/p>\n\n\n\n<div class=\"wp-block-columns are-vertically-aligned-center is-layout-flex wp-container-core-columns-is-layout-9d6595d7 wp-block-columns-is-layout-flex\">\n<div class=\"wp-block-column is-vertically-aligned-center is-layout-flow wp-block-column-is-layout-flow\"><div class=\"wp-block-image\">\n<figure class=\"aligncenter size-full is-resized\"><a href=\"https:\/\/axon-pharma.com\/\"><img decoding=\"async\" width=\"617\" height=\"208\" src=\"https:\/\/congresoceii.com\/wp-content\/uploads\/2024\/05\/LOGO-AXON-PHARMA.png\" alt=\"\" class=\"wp-image-180\" style=\"width:280px\" srcset=\"https:\/\/congresoceii.com\/wp-content\/uploads\/2024\/05\/LOGO-AXON-PHARMA.png 617w, https:\/\/congresoceii.com\/wp-content\/uploads\/2024\/05\/LOGO-AXON-PHARMA-300x101.png 300w\" sizes=\"(max-width: 617px) 100vw, 617px\" \/><\/a><\/figure>\n<\/div><\/div>\n\n\n\n<div class=\"wp-block-column is-vertically-aligned-center is-layout-flow wp-block-column-is-layout-flow\"><div class=\"wp-block-image\">\n<figure class=\"aligncenter size-full is-resized\"><a href=\"https:\/\/www.bd.com\/es-co\"><img decoding=\"async\" width=\"507\" height=\"258\" src=\"https:\/\/congresoceii.com\/wp-content\/uploads\/2024\/05\/LOGO-BD.png\" alt=\"\" class=\"wp-image-181\" style=\"width:220px\" srcset=\"https:\/\/congresoceii.com\/wp-content\/uploads\/2024\/05\/LOGO-BD.png 507w, https:\/\/congresoceii.com\/wp-content\/uploads\/2024\/05\/LOGO-BD-300x153.png 300w\" sizes=\"(max-width: 507px) 100vw, 507px\" \/><\/a><\/figure>\n<\/div><\/div>\n<\/div>\n\n\n\n<div class=\"wp-block-columns are-vertically-aligned-center is-layout-flex wp-container-core-columns-is-layout-9d6595d7 wp-block-columns-is-layout-flex\">\n<div class=\"wp-block-column is-vertically-aligned-center is-layout-flow wp-block-column-is-layout-flow\"><div class=\"wp-block-image\">\n<figure class=\"aligncenter size-large is-resized\"><a href=\"https:\/\/www.faesfarma.com.co\/\"><img loading=\"lazy\" decoding=\"async\" width=\"1024\" height=\"245\" src=\"https:\/\/congresoceii.com\/wp-content\/uploads\/2024\/05\/LOGO-FAES-FARMA-1024x245.png\" alt=\"\" class=\"wp-image-184\" style=\"width:280px\" srcset=\"https:\/\/congresoceii.com\/wp-content\/uploads\/2024\/05\/LOGO-FAES-FARMA-1024x245.png 1024w, https:\/\/congresoceii.com\/wp-content\/uploads\/2024\/05\/LOGO-FAES-FARMA-300x72.png 300w, https:\/\/congresoceii.com\/wp-content\/uploads\/2024\/05\/LOGO-FAES-FARMA-768x184.png 768w, https:\/\/congresoceii.com\/wp-content\/uploads\/2024\/05\/LOGO-FAES-FARMA.png 1536w\" sizes=\"(max-width: 1024px) 100vw, 1024px\" \/><\/a><\/figure>\n<\/div><\/div>\n\n\n\n<div class=\"wp-block-column is-vertically-aligned-center is-layout-flow wp-block-column-is-layout-flow\"><div class=\"wp-block-image\">\n<figure class=\"aligncenter size-full is-resized\"><a href=\"https:\/\/avalon.com.co\/\"><img loading=\"lazy\" decoding=\"async\" width=\"514\" height=\"193\" src=\"https:\/\/congresoceii.com\/wp-content\/uploads\/2024\/05\/LOGO-AVALON.png\" alt=\"\" class=\"wp-image-185\" style=\"width:280px\" srcset=\"https:\/\/congresoceii.com\/wp-content\/uploads\/2024\/05\/LOGO-AVALON.png 514w, https:\/\/congresoceii.com\/wp-content\/uploads\/2024\/05\/LOGO-AVALON-300x113.png 300w\" sizes=\"(max-width: 514px) 100vw, 514px\" \/><\/a><\/figure>\n<\/div><\/div>\n<\/div>\n\n\n\n<div class=\"wp-block-columns are-vertically-aligned-center is-layout-flex wp-container-core-columns-is-layout-9d6595d7 wp-block-columns-is-layout-flex\">\n<div class=\"wp-block-column is-vertically-aligned-center is-layout-flow wp-block-column-is-layout-flow\"><div class=\"wp-block-image\">\n<figure class=\"aligncenter size-full is-resized\"><a href=\"https:\/\/www.cslbehring.co\/\"><img loading=\"lazy\" decoding=\"async\" width=\"397\" height=\"198\" src=\"https:\/\/congresoceii.com\/wp-content\/uploads\/2024\/05\/LOGO-CSL-BEHRING.jpg\" alt=\"\" class=\"wp-image-187\" style=\"width:280px\" srcset=\"https:\/\/congresoceii.com\/wp-content\/uploads\/2024\/05\/LOGO-CSL-BEHRING.jpg 397w, https:\/\/congresoceii.com\/wp-content\/uploads\/2024\/05\/LOGO-CSL-BEHRING-300x150.jpg 300w\" sizes=\"(max-width: 397px) 100vw, 397px\" \/><\/a><\/figure>\n<\/div><\/div>\n\n\n\n<div class=\"wp-block-column is-vertically-aligned-center is-layout-flow wp-block-column-is-layout-flow\"><div class=\"wp-block-image\">\n<figure class=\"aligncenter size-large is-resized\"><a href=\"https:\/\/fundacionhomi.org.co\/\"><img loading=\"lazy\" decoding=\"async\" width=\"1024\" height=\"595\" src=\"https:\/\/congresoceii.com\/wp-content\/uploads\/2024\/05\/LOGO-HOMI-1024x595.jpg\" alt=\"\" class=\"wp-image-188\" style=\"width:280px\" srcset=\"https:\/\/congresoceii.com\/wp-content\/uploads\/2024\/05\/LOGO-HOMI-1024x595.jpg 1024w, https:\/\/congresoceii.com\/wp-content\/uploads\/2024\/05\/LOGO-HOMI-300x174.jpg 300w, https:\/\/congresoceii.com\/wp-content\/uploads\/2024\/05\/LOGO-HOMI-768x446.jpg 768w, https:\/\/congresoceii.com\/wp-content\/uploads\/2024\/05\/LOGO-HOMI.jpg 1220w\" sizes=\"(max-width: 1024px) 100vw, 1024px\" \/><\/a><\/figure>\n<\/div><\/div>\n<\/div>\n\n\n\n<div class=\"wp-block-columns are-vertically-aligned-center is-layout-flex wp-container-core-columns-is-layout-9d6595d7 wp-block-columns-is-layout-flex\">\n<div class=\"wp-block-column is-vertically-aligned-center is-layout-flow wp-block-column-is-layout-flow\"><div class=\"wp-block-image\">\n<figure class=\"aligncenter size-large is-resized\"><a href=\"https:\/\/www.takeda.com\/es-co\"><img loading=\"lazy\" decoding=\"async\" width=\"1024\" height=\"344\" src=\"https:\/\/congresoceii.com\/wp-content\/uploads\/2024\/05\/LOGO-TAKEDA-1024x344.png\" alt=\"\" class=\"wp-image-190\" style=\"width:280px\" srcset=\"https:\/\/congresoceii.com\/wp-content\/uploads\/2024\/05\/LOGO-TAKEDA-1024x344.png 1024w, https:\/\/congresoceii.com\/wp-content\/uploads\/2024\/05\/LOGO-TAKEDA-300x101.png 300w, https:\/\/congresoceii.com\/wp-content\/uploads\/2024\/05\/LOGO-TAKEDA-768x258.png 768w, https:\/\/congresoceii.com\/wp-content\/uploads\/2024\/05\/LOGO-TAKEDA-1536x516.png 1536w, https:\/\/congresoceii.com\/wp-content\/uploads\/2024\/05\/LOGO-TAKEDA-2048x688.png 2048w\" sizes=\"(max-width: 1024px) 100vw, 1024px\" \/><\/a><\/figure>\n<\/div><\/div>\n\n\n\n<div class=\"wp-block-column is-vertically-aligned-center is-layout-flow wp-block-column-is-layout-flow\"><div class=\"wp-block-image\">\n<figure class=\"aligncenter size-full is-resized\"><a href=\"https:\/\/lifefactors.com.co\/\"><img loading=\"lazy\" decoding=\"async\" width=\"898\" height=\"240\" src=\"https:\/\/congresoceii.com\/wp-content\/uploads\/2024\/05\/LOGO-LIFE-FACTORS.png\" alt=\"\" class=\"wp-image-191\" style=\"width:280px\" srcset=\"https:\/\/congresoceii.com\/wp-content\/uploads\/2024\/05\/LOGO-LIFE-FACTORS.png 898w, https:\/\/congresoceii.com\/wp-content\/uploads\/2024\/05\/LOGO-LIFE-FACTORS-300x80.png 300w, https:\/\/congresoceii.com\/wp-content\/uploads\/2024\/05\/LOGO-LIFE-FACTORS-768x205.png 768w\" sizes=\"(max-width: 898px) 100vw, 898px\" \/><\/a><\/figure>\n<\/div><\/div>\n<\/div>\n\n\n\n<hr class=\"wp-block-separator has-alpha-channel-opacity is-style-dots\"\/>\n\n\n\n<p class=\"has-text-align-center has-theme-palette-1-color has-text-color has-link-color has-large-font-size wp-elements-a395c219b25b16c87b45ace07ab41716\" style=\"text-decoration:underline\">EL CCEII 2024 CUENTA CON EL APOYO DE<\/p>\n\n\n\n<div class=\"wp-block-columns are-vertically-aligned-center is-layout-flex wp-container-core-columns-is-layout-9d6595d7 wp-block-columns-is-layout-flex\">\n<div class=\"wp-block-column is-vertically-aligned-center is-layout-flow wp-block-column-is-layout-flow\"><div class=\"wp-block-image\">\n<figure class=\"aligncenter size-full is-resized\"><a href=\"https:\/\/info4pi.org\/medical\/jeffrey-modell-centers-network\/\"><img loading=\"lazy\" decoding=\"async\" width=\"826\" height=\"236\" src=\"https:\/\/congresoceii.com\/wp-content\/uploads\/2024\/05\/LOGO-JM-Centers-Network.jpeg\" alt=\"\" class=\"wp-image-176\" style=\"width:350px\" srcset=\"https:\/\/congresoceii.com\/wp-content\/uploads\/2024\/05\/LOGO-JM-Centers-Network.jpeg 826w, https:\/\/congresoceii.com\/wp-content\/uploads\/2024\/05\/LOGO-JM-Centers-Network-300x86.jpeg 300w, https:\/\/congresoceii.com\/wp-content\/uploads\/2024\/05\/LOGO-JM-Centers-Network-768x219.jpeg 768w\" sizes=\"(max-width: 826px) 100vw, 826px\" \/><\/a><\/figure>\n<\/div><\/div>\n\n\n\n<div class=\"wp-block-column is-vertically-aligned-center is-layout-flow wp-block-column-is-layout-flow\"><div class=\"wp-block-image\">\n<figure class=\"aligncenter size-full is-resized\"><a href=\"https:\/\/lasid.org\/\"><img loading=\"lazy\" decoding=\"async\" width=\"548\" height=\"309\" src=\"https:\/\/congresoceii.com\/wp-content\/uploads\/2024\/05\/LOGO-LASID-1.jpeg\" alt=\"\" class=\"wp-image-179\" style=\"width:280px\" srcset=\"https:\/\/congresoceii.com\/wp-content\/uploads\/2024\/05\/LOGO-LASID-1.jpeg 548w, https:\/\/congresoceii.com\/wp-content\/uploads\/2024\/05\/LOGO-LASID-1-300x169.jpeg 300w\" sizes=\"(max-width: 548px) 100vw, 548px\" \/><\/a><\/figure>\n<\/div><\/div>\n<\/div>\n\n\n\n<hr class=\"wp-block-separator has-alpha-channel-opacity is-style-dots\"\/>\n","protected":false},"excerpt":{"rendered":"<p>PATROCINADORES La ACAAI y la FIP agradecen a los patrocinadores que hacen posible llevar a cabo este importante Congreso que contribuye a la actualizaci\u00f3n m\u00e9dica continuada en Inmunolog\u00eda para la comunidad m\u00e9dica de Colombia y la regi\u00f3n. Los patrocinadores del Segundo Congreso Colombiano de Errores Innatos de la Inmunidad (CCEII 2024) son: EL CCEII 2024&#8230;<\/p>\n","protected":false},"author":1,"featured_media":0,"parent":0,"menu_order":0,"comment_status":"closed","ping_status":"closed","template":"","meta":{"_kad_post_transparent":"","_kad_post_title":"","_kad_post_layout":"","_kad_post_sidebar_id":"","_kad_post_content_style":"","_kad_post_vertical_padding":"","_kad_post_feature":"","_kad_post_feature_position":"","_kad_post_header":false,"_kad_post_footer":false,"_kad_post_classname":"","footnotes":""},"class_list":["post-34","page","type-page","status-publish","hentry"],"_links":{"self":[{"href":"https:\/\/congresoceii.com\/index.php\/wp-json\/wp\/v2\/pages\/34","targetHints":{"allow":["GET"]}}],"collection":[{"href":"https:\/\/congresoceii.com\/index.php\/wp-json\/wp\/v2\/pages"}],"about":[{"href":"https:\/\/congresoceii.com\/index.php\/wp-json\/wp\/v2\/types\/page"}],"author":[{"embeddable":true,"href":"https:\/\/congresoceii.com\/index.php\/wp-json\/wp\/v2\/users\/1"}],"replies":[{"embeddable":true,"href":"https:\/\/congresoceii.com\/index.php\/wp-json\/wp\/v2\/comments?post=34"}],"version-history":[{"count":31,"href":"https:\/\/congresoceii.com\/index.php\/wp-json\/wp\/v2\/pages\/34\/revisions"}],"predecessor-version":[{"id":451,"href":"https:\/\/congresoceii.com\/index.php\/wp-json\/wp\/v2\/pages\/34\/revisions\/451"}],"wp:attachment":[{"href":"https:\/\/congresoceii.com\/index.php\/wp-json\/wp\/v2\/media?parent=34"}],"curies":[{"name":"wp","href":"https:\/\/api.w.org\/{rel}","templated":true}]}}