{"id":500,"date":"2024-05-23T03:57:19","date_gmt":"2024-05-23T03:57:19","guid":{"rendered":"https:\/\/congresoceii.com\/?page_id=500"},"modified":"2026-03-31T01:53:49","modified_gmt":"2026-03-31T01:53:49","slug":"cali","status":"publish","type":"page","link":"https:\/\/congresoceii.com\/index.php\/cali\/","title":{"rendered":"Cali"},"content":{"rendered":"\t\t<div data-elementor-type=\"wp-page\" data-elementor-id=\"500\" class=\"elementor elementor-500\">\n\t\t\t\t<div class=\"elementor-element elementor-element-e8c231d e-con-full e-flex e-con e-parent\" data-id=\"e8c231d\" data-element_type=\"container\" data-e-type=\"container\" data-settings=\"{&quot;background_background&quot;:&quot;classic&quot;}\">\n\t\t\t\t<div class=\"elementor-element elementor-element-3509bfc elementor-widget elementor-widget-heading\" data-id=\"3509bfc\" data-element_type=\"widget\" data-e-type=\"widget\" data-widget_type=\"heading.default\">\n\t\t\t\t<div class=\"elementor-widget-container\">\n\t\t\t\t\t<h1 class=\"elementor-heading-title elementor-size-default\">CALI, CIUDAD DEL EVENTO<\/h1>\t\t\t\t<\/div>\n\t\t\t\t<\/div>\n\t\t\t\t<\/div>\n\t\t<div class=\"elementor-element elementor-element-837091a e-flex e-con-boxed e-con e-parent\" data-id=\"837091a\" data-element_type=\"container\" data-e-type=\"container\">\n\t\t\t\t\t<div class=\"e-con-inner\">\n\t\t<div class=\"elementor-element elementor-element-fbe9bfb e-con-full e-flex e-con e-child\" data-id=\"fbe9bfb\" data-element_type=\"container\" data-e-type=\"container\">\n\t\t\t\t<div class=\"elementor-element elementor-element-f4e6348 elementor-widget elementor-widget-heading\" data-id=\"f4e6348\" data-element_type=\"widget\" data-e-type=\"widget\" data-widget_type=\"heading.default\">\n\t\t\t\t<div class=\"elementor-widget-container\">\n\t\t\t\t\t<h1 class=\"elementor-heading-title elementor-size-default\">CALI TE DA LA BIENVENIDA<\/h1>\t\t\t\t<\/div>\n\t\t\t\t<\/div>\n\t\t\t\t<div class=\"elementor-element elementor-element-0d0ca00 elementor-widget-mobile__width-initial elementor-widget elementor-widget-text-editor\" data-id=\"0d0ca00\" data-element_type=\"widget\" data-e-type=\"widget\" data-widget_type=\"text-editor.default\">\n\t\t\t\t<div class=\"elementor-widget-container\">\n\t\t\t\t\t\t\t\t\t<p style=\"text-align: left;\">En septiembre, nuestro Congreso M\u00e9dico se celebrar\u00e1 en Cali, una ciudad vibrante que combina excelencia acad\u00e9mica, riqueza cultural y una ubicaci\u00f3n privilegiada en el suroccidente colombiano.<\/p><p style=\"text-align: left;\">Reconocida como la capital mundial de la salsa, Cali ofrece mucho m\u00e1s que m\u00fasica y tradici\u00f3n. Es un destino rodeado de naturaleza, con imponentes monta\u00f1as, r\u00edos y atardeceres inolvidables que se aprecian desde lugares emblem\u00e1ticos como el Cristo Rey y el Mirador de Sebasti\u00e1n de Belalc\u00e1zar.<\/p><p style=\"text-align: left;\">Su reconocida oferta gastron\u00f3mica, la calidez de su gente y su infraestructura hotelera y de eventos convierten a la ciudad en el escenario ideal para el intercambio cient\u00edfico, el networking profesional y la actualizaci\u00f3n acad\u00e9mica de alto nivel.<br \/>Adem\u00e1s, su cercan\u00eda al Pac\u00edfico colombiano y a destinos naturales \u00fanicos permite que su visita se convierta tambi\u00e9n en una experiencia cultural y tur\u00edstica enriquecedora.<br \/>Lo invitamos a vivir no solo un congreso, sino una experiencia integral en una ciudad que inspira conocimiento, conexi\u00f3n y crecimiento profesional.<\/p><p style=\"text-align: left;\"><strong>Cali lo espera en septiembre.<\/strong><\/p>\t\t\t\t\t\t\t\t<\/div>\n\t\t\t\t<\/div>\n\t\t\t\t<\/div>\n\t\t\t\t<div class=\"elementor-element elementor-element-81c7f41 elementor-widget-divider--view-line elementor-widget elementor-widget-divider\" data-id=\"81c7f41\" data-element_type=\"widget\" data-e-type=\"widget\" data-widget_type=\"divider.default\">\n\t\t\t\t<div class=\"elementor-widget-container\">\n\t\t\t\t\t\t\t<div class=\"elementor-divider\">\n\t\t\t<span class=\"elementor-divider-separator\">\n\t\t\t\t\t\t<\/span>\n\t\t<\/div>\n\t\t\t\t\t\t<\/div>\n\t\t\t\t<\/div>\n\t\t\t\t<div class=\"elementor-element elementor-element-024af64 elementor-widget elementor-widget-video\" data-id=\"024af64\" data-element_type=\"widget\" data-e-type=\"widget\" data-settings=\"{&quot;youtube_url&quot;:&quot;https:\\\/\\\/www.youtube.com\\\/watch?v=DrpUxr7_514&quot;,&quot;start&quot;:0,&quot;autoplay&quot;:&quot;yes&quot;,&quot;play_on_mobile&quot;:&quot;yes&quot;,&quot;video_type&quot;:&quot;youtube&quot;,&quot;controls&quot;:&quot;yes&quot;}\" data-widget_type=\"video.default\">\n\t\t\t\t<div class=\"elementor-widget-container\">\n\t\t\t\t\t\t\t<div class=\"elementor-wrapper elementor-open-inline\">\n\t\t\t<div class=\"elementor-video\"><\/div>\t\t<\/div>\n\t\t\t\t\t\t<\/div>\n\t\t\t\t<\/div>\n\t\t\t\t<div class=\"elementor-element elementor-element-420ebf6 elementor-widget-divider--view-line elementor-widget elementor-widget-divider\" data-id=\"420ebf6\" data-element_type=\"widget\" data-e-type=\"widget\" data-widget_type=\"divider.default\">\n\t\t\t\t<div class=\"elementor-widget-container\">\n\t\t\t\t\t\t\t<div class=\"elementor-divider\">\n\t\t\t<span class=\"elementor-divider-separator\">\n\t\t\t\t\t\t<\/span>\n\t\t<\/div>\n\t\t\t\t\t\t<\/div>\n\t\t\t\t<\/div>\n\t\t\t\t\t<\/div>\n\t\t\t\t<\/div>\n\t\t\t\t<\/div>\n\t\t","protected":false},"excerpt":{"rendered":"<p>CALI, CIUDAD DEL EVENTO CALI TE DA LA BIENVENIDA En septiembre, nuestro Congreso M\u00e9dico se celebrar\u00e1 en Cali, una ciudad vibrante que combina excelencia acad\u00e9mica, riqueza cultural y una ubicaci\u00f3n privilegiada en el suroccidente colombiano. Reconocida como la capital mundial de la salsa, Cali ofrece mucho m\u00e1s que m\u00fasica y tradici\u00f3n. Es un destino rodeado&#8230;<\/p>\n","protected":false},"author":1,"featured_media":0,"parent":0,"menu_order":0,"comment_status":"closed","ping_status":"closed","template":"","meta":{"_kad_post_transparent":"","_kad_post_title":"hide","_kad_post_layout":"fullwidth","_kad_post_sidebar_id":"","_kad_post_content_style":"unboxed","_kad_post_vertical_padding":"hide","_kad_post_feature":"hide","_kad_post_feature_position":"","_kad_post_header":false,"_kad_post_footer":false,"_kad_post_classname":"","footnotes":""},"class_list":["post-500","page","type-page","status-publish","hentry"],"_links":{"self":[{"href":"https:\/\/congresoceii.com\/index.php\/wp-json\/wp\/v2\/pages\/500","targetHints":{"allow":["GET"]}}],"collection":[{"href":"https:\/\/congresoceii.com\/index.php\/wp-json\/wp\/v2\/pages"}],"about":[{"href":"https:\/\/congresoceii.com\/index.php\/wp-json\/wp\/v2\/types\/page"}],"author":[{"embeddable":true,"href":"https:\/\/congresoceii.com\/index.php\/wp-json\/wp\/v2\/users\/1"}],"replies":[{"embeddable":true,"href":"https:\/\/congresoceii.com\/index.php\/wp-json\/wp\/v2\/comments?post=500"}],"version-history":[{"count":90,"href":"https:\/\/congresoceii.com\/index.php\/wp-json\/wp\/v2\/pages\/500\/revisions"}],"predecessor-version":[{"id":2763,"href":"https:\/\/congresoceii.com\/index.php\/wp-json\/wp\/v2\/pages\/500\/revisions\/2763"}],"wp:attachment":[{"href":"https:\/\/congresoceii.com\/index.php\/wp-json\/wp\/v2\/media?parent=500"}],"curies":[{"name":"wp","href":"https:\/\/api.w.org\/{rel}","templated":true}]}}